{"id":2,"date":"2025-06-20T10:42:17","date_gmt":"2025-06-20T10:42:17","guid":{"rendered":"https:\/\/spartoken.de\/?page_id=2"},"modified":"2025-08-04T07:32:29","modified_gmt":"2025-08-04T07:32:29","slug":"sample-page","status":"publish","type":"page","link":"https:\/\/spartoken.de\/","title":{"rendered":"Greifen Sie auf eine Vielzahl an Investments zu"},"content":{"rendered":"\t\t<div data-elementor-type=\"wp-page\" data-elementor-id=\"2\" class=\"elementor elementor-2\" data-elementor-post-type=\"page\">\n\t\t\t\t<div class=\"elementor-element elementor-element-3f112df e-flex e-con-boxed e-con e-parent\" data-id=\"3f112df\" data-element_type=\"container\">\n\t\t\t\t\t<div class=\"e-con-inner\">\n\t\t\t\t<div class=\"elementor-element elementor-element-0d74c69 elementor-widget elementor-widget-text-editor\" data-id=\"0d74c69\" data-element_type=\"widget\" data-widget_type=\"text-editor.default\">\n\t\t\t\t<div class=\"elementor-widget-container\">\n\t\t\t\t\t\t\t\t\t<p>Kaufen Sie \u00fcber Spartoken und nutzen die Vorteile eines Kaufes \u00fcber eine GmbH<\/p><p>Kaufen Sie z.B. Immobilien \u00fcber Spartoken um sie Anonym zu vermieten oder Spekulationssteuer schon nach einem Jahr zu vermeiden.<\/p><p>Sie erhalten bei Kauf den Schuldrechtlichen Anspruch, womit Ihnen die Immobilie geh\u00f6rt<\/p>\t\t\t\t\t\t\t\t<\/div>\n\t\t\t\t<\/div>\n\t\t\t\t<div class=\"elementor-element elementor-element-06fe7d1 elementor-widget elementor-widget-image\" data-id=\"06fe7d1\" data-element_type=\"widget\" data-widget_type=\"image.default\">\n\t\t\t\t<div class=\"elementor-widget-container\">\n\t\t\t\t\t\t\t\t\t\t\t\t\t\t\t<img decoding=\"async\" src=\"https:\/\/spartoken.de\/wp-content\/plugins\/elementor\/assets\/images\/placeholder.png\" title=\"\" alt=\"\" loading=\"lazy\" \/>\t\t\t\t\t\t\t\t\t\t\t\t\t\t\t<\/div>\n\t\t\t\t<\/div>\n\t\t\t\t<div class=\"elementor-element elementor-element-e529beb elementor-widget elementor-widget-text-editor\" data-id=\"e529beb\" data-element_type=\"widget\" data-widget_type=\"text-editor.default\">\n\t\t\t\t<div class=\"elementor-widget-container\">\n\t\t\t\t\t\t\t\t\t<p>Lorem ipsum dolor sit amet, consectetur adipiscing elit. Ut elit tellus, luctus nec ullamcorper mattis, pulvinar dapibus leo.<\/p>\t\t\t\t\t\t\t\t<\/div>\n\t\t\t\t<\/div>\n\t\t\t\t<div class=\"elementor-element elementor-element-6c8a91d elementor-widget elementor-widget-spacer\" data-id=\"6c8a91d\" data-element_type=\"widget\" data-widget_type=\"spacer.default\">\n\t\t\t\t<div class=\"elementor-widget-container\">\n\t\t\t\t\t\t\t<div class=\"elementor-spacer\">\n\t\t\t<div class=\"elementor-spacer-inner\"><\/div>\n\t\t<\/div>\n\t\t\t\t\t\t<\/div>\n\t\t\t\t<\/div>\n\t\t\t\t\t<\/div>\n\t\t\t\t<\/div>\n\t\t<div class=\"elementor-element elementor-element-2a90e95 e-grid e-con-boxed e-con e-parent\" data-id=\"2a90e95\" data-element_type=\"container\">\n\t\t\t\t\t<div class=\"e-con-inner\">\n\t\t\t\t<div class=\"elementor-element elementor-element-290e7b0 elementor-widget elementor-widget-gva_listing_banner\" data-id=\"290e7b0\" data-element_type=\"widget\" data-widget_type=\"gva_listing_banner.default\">\n\t\t\t\t<div class=\"elementor-widget-container\">\n\t\t\t\t\t<div class=\"gva-element-gva_listing_banner gva-element\">\r\n   <div class=\"banner-one__single active-no\">\r\n      <div class=\"banner-one__wrap\">\r\n                     <div class=\"banner-one__image\">\r\n               <img decoding=\"async\" src=\"https:\/\/spartoken.de\/wp-content\/plugins\/homirx-themer\/elementor\/assets\/images\/image-banner.jpg\" alt=\"Switzerland\" \/>\r\n            <\/div>\r\n         \r\n         <div class=\"banner-one__content\">\r\n            <div class=\"banner-one__title-wrap\"><h3 class=\"banner-one__title\">Switzerland<\/h3><\/div><div class=\"banner-one__desc\">Venezia, Italy<\/div>         <\/div>\r\n\r\n         <div class=\"banner-one__content-hover\">\r\n            <h3 class=\"banner-one__hover-title\">Switzerland<\/h3>         <\/div>\r\n               <\/div>   \r\n   <\/div>\r\n<\/div>\t\t\t\t<\/div>\n\t\t\t\t<\/div>\n\t\t\t\t<div class=\"elementor-element elementor-element-9b4fbf5 elementor-widget elementor-widget-gva_listing_banner\" data-id=\"9b4fbf5\" data-element_type=\"widget\" data-widget_type=\"gva_listing_banner.default\">\n\t\t\t\t<div class=\"elementor-widget-container\">\n\t\t\t\t\t<div class=\"gva-element-gva_listing_banner gva-element\">\r\n   <div class=\"banner-one__single active-no\">\r\n      <div class=\"banner-one__wrap\">\r\n                     <div class=\"banner-one__image\">\r\n               <img decoding=\"async\" src=\"https:\/\/spartoken.de\/wp-content\/plugins\/homirx-themer\/elementor\/assets\/images\/image-banner.jpg\" alt=\"Switzerland\" \/>\r\n            <\/div>\r\n         \r\n         <div class=\"banner-one__content\">\r\n            <div class=\"banner-one__title-wrap\"><h3 class=\"banner-one__title\">Switzerland<\/h3><\/div><div class=\"banner-one__desc\">Venezia, Italy<\/div>         <\/div>\r\n\r\n         <div class=\"banner-one__content-hover\">\r\n            <h3 class=\"banner-one__hover-title\">Switzerland<\/h3>         <\/div>\r\n               <\/div>   \r\n   <\/div>\r\n<\/div>\t\t\t\t<\/div>\n\t\t\t\t<\/div>\n\t\t\t\t<div class=\"elementor-element elementor-element-34d9b2b elementor-widget elementor-widget-gva_listing_banner\" data-id=\"34d9b2b\" data-element_type=\"widget\" data-widget_type=\"gva_listing_banner.default\">\n\t\t\t\t<div class=\"elementor-widget-container\">\n\t\t\t\t\t<div class=\"gva-element-gva_listing_banner gva-element\">\r\n   <div class=\"banner-one__single active-no\">\r\n      <div class=\"banner-one__wrap\">\r\n                     <div class=\"banner-one__image\">\r\n               <img decoding=\"async\" src=\"https:\/\/spartoken.de\/wp-content\/plugins\/homirx-themer\/elementor\/assets\/images\/image-banner.jpg\" alt=\"Switzerland\" \/>\r\n            <\/div>\r\n         \r\n         <div class=\"banner-one__content\">\r\n            <div class=\"banner-one__title-wrap\"><h3 class=\"banner-one__title\">Switzerland<\/h3><\/div><div class=\"banner-one__desc\">Venezia, Italy<\/div>         <\/div>\r\n\r\n         <div class=\"banner-one__content-hover\">\r\n            <h3 class=\"banner-one__hover-title\">Switzerland<\/h3>         <\/div>\r\n               <\/div>   \r\n   <\/div>\r\n<\/div>\t\t\t\t<\/div>\n\t\t\t\t<\/div>\n\t\t\t\t\t<\/div>\n\t\t\t\t<\/div>\n\t\t<div class=\"elementor-element elementor-element-deb3dd8 e-flex e-con-boxed e-con e-parent\" data-id=\"deb3dd8\" data-element_type=\"container\">\n\t\t\t\t\t<div class=\"e-con-inner\">\n\t\t\t\t\t<\/div>\n\t\t\t\t<\/div>\n\t\t\t\t<\/div>\n\t\t","protected":false},"excerpt":{"rendered":"<p>Kaufen Sie \u00fcber Spartoken und nutzen die Vorteile eines Kaufes \u00fcber eine GmbH Kaufen Sie z.B. Immobilien \u00fcber Spartoken um sie Anonym zu vermieten oder Spekulationssteuer schon nach einem Jahr [&hellip;]<\/p>\n","protected":false},"author":1,"featured_media":0,"parent":0,"menu_order":0,"comment_status":"closed","ping_status":"closed","template":"","meta":{"_monsterinsights_skip_tracking":false,"_monsterinsights_sitenote_active":false,"_monsterinsights_sitenote_note":"","_monsterinsights_sitenote_category":0,"footnotes":""},"class_list":["post-2","page","type-page","status-publish","hentry"],"aioseo_notices":[],"_links":{"self":[{"href":"https:\/\/spartoken.de\/index.php?rest_route=\/wp\/v2\/pages\/2","targetHints":{"allow":["GET"]}}],"collection":[{"href":"https:\/\/spartoken.de\/index.php?rest_route=\/wp\/v2\/pages"}],"about":[{"href":"https:\/\/spartoken.de\/index.php?rest_route=\/wp\/v2\/types\/page"}],"author":[{"embeddable":true,"href":"https:\/\/spartoken.de\/index.php?rest_route=\/wp\/v2\/users\/1"}],"replies":[{"embeddable":true,"href":"https:\/\/spartoken.de\/index.php?rest_route=%2Fwp%2Fv2%2Fcomments&post=2"}],"version-history":[{"count":5,"href":"https:\/\/spartoken.de\/index.php?rest_route=\/wp\/v2\/pages\/2\/revisions"}],"predecessor-version":[{"id":2566,"href":"https:\/\/spartoken.de\/index.php?rest_route=\/wp\/v2\/pages\/2\/revisions\/2566"}],"wp:attachment":[{"href":"https:\/\/spartoken.de\/index.php?rest_route=%2Fwp%2Fv2%2Fmedia&parent=2"}],"curies":[{"name":"wp","href":"https:\/\/api.w.org\/{rel}","templated":true}]}}